{"id":24,"date":"2019-01-14T04:31:44","date_gmt":"2019-01-14T04:31:44","guid":{"rendered":"http:\/\/thotenpac2.hospedagemdesites.ws\/novo\/?page_id=24"},"modified":"2019-08-16T01:06:47","modified_gmt":"2019-08-16T01:06:47","slug":"clientes","status":"publish","type":"page","link":"https:\/\/www.thotenpac.com.br\/?page_id=24","title":{"rendered":"Clientes"},"content":{"rendered":"\n<p>Com dedica\u00e7\u00e3o ordenada e parceria constante, estamos ampliando cada vez mais nossa participa\u00e7\u00e3o no mercado, que vai al\u00e9m do simples fato de \u201cproduzir frascos\u201d. Conhe\u00e7a nossos clientes:<\/p>\n\n\n\n<p><a href=\"#\">#Yara<\/a><\/p>\n\n\n\n<figure class=\"wp-block-image is-resized\"><img decoding=\"async\" loading=\"lazy\" src=\"http:\/\/www.thotenpac.com.br\/novo\/wp-content\/uploads\/2019\/08\/1.png\" alt=\"\" class=\"wp-image-438\" width=\"372\" height=\"454\" srcset=\"https:\/\/www.thotenpac.com.br\/wp-content\/uploads\/2019\/08\/1.png 468w, https:\/\/www.thotenpac.com.br\/wp-content\/uploads\/2019\/08\/1-246x300.png 246w\" sizes=\"(max-width: 372px) 100vw, 372px\" \/><\/figure>\n\n\n\n<p><a href=\"http:\/\/www.guaranareal.com.br\/\">#Real Bebidas (SANTA CL\u00c1UDIA)<\/a><\/p>\n\n\n\n<figure class=\"wp-block-image is-resized\"><img decoding=\"async\" loading=\"lazy\" src=\"http:\/\/www.thotenpac.com.br\/novo\/wp-content\/uploads\/2019\/08\/2.png\" alt=\"\" class=\"wp-image-433\" width=\"372\" height=\"436\" srcset=\"https:\/\/www.thotenpac.com.br\/wp-content\/uploads\/2019\/08\/2.png 496w, https:\/\/www.thotenpac.com.br\/wp-content\/uploads\/2019\/08\/2-256x300.png 256w\" sizes=\"(max-width: 372px) 100vw, 372px\" \/><\/figure>\n\n\n\n<p><a href=\"https:\/\/www.instagram.com\/aguaminalar\/\">#<\/a><a href=\"#\">Minalar<\/a><\/p>\n\n\n\n<figure class=\"wp-block-image is-resized\"><img decoding=\"async\" loading=\"lazy\" src=\"http:\/\/www.thotenpac.com.br\/novo\/wp-content\/uploads\/2019\/08\/3.fw_.png\" alt=\"\" class=\"wp-image-437\" width=\"375\" height=\"375\" srcset=\"https:\/\/www.thotenpac.com.br\/wp-content\/uploads\/2019\/08\/3.fw_.png 500w, https:\/\/www.thotenpac.com.br\/wp-content\/uploads\/2019\/08\/3.fw_-150x150.png 150w, https:\/\/www.thotenpac.com.br\/wp-content\/uploads\/2019\/08\/3.fw_-300x300.png 300w, https:\/\/www.thotenpac.com.br\/wp-content\/uploads\/2019\/08\/3.fw_-400x400.png 400w, https:\/\/www.thotenpac.com.br\/wp-content\/uploads\/2019\/08\/3.fw_-230x230.png 230w, https:\/\/www.thotenpac.com.br\/wp-content\/uploads\/2019\/08\/3.fw_-365x365.png 365w\" sizes=\"(max-width: 375px) 100vw, 375px\" \/><\/figure>\n\n\n\n<p><a href=\"https:\/\/www.instagram.com\/fishmariaamazonia\/?hl=pt-br\">#Fish Maria<\/a><\/p>\n\n\n\n<figure class=\"wp-block-image is-resized\"><a href=\"https:\/\/www.instagram.com\/fishmariaamazonia\/?hl=pt-br\"><img decoding=\"async\" loading=\"lazy\" src=\"http:\/\/www.thotenpac.com.br\/novo\/wp-content\/uploads\/2019\/08\/WhatsApp-Image-2019-08-09-at-08.28.29-9.jpeg\" alt=\"\" class=\"wp-image-379\" width=\"360\" height=\"360\" srcset=\"https:\/\/www.thotenpac.com.br\/wp-content\/uploads\/2019\/08\/WhatsApp-Image-2019-08-09-at-08.28.29-9.jpeg 720w, https:\/\/www.thotenpac.com.br\/wp-content\/uploads\/2019\/08\/WhatsApp-Image-2019-08-09-at-08.28.29-9-150x150.jpeg 150w, https:\/\/www.thotenpac.com.br\/wp-content\/uploads\/2019\/08\/WhatsApp-Image-2019-08-09-at-08.28.29-9-300x300.jpeg 300w, https:\/\/www.thotenpac.com.br\/wp-content\/uploads\/2019\/08\/WhatsApp-Image-2019-08-09-at-08.28.29-9-500x500.jpeg 500w, https:\/\/www.thotenpac.com.br\/wp-content\/uploads\/2019\/08\/WhatsApp-Image-2019-08-09-at-08.28.29-9-400x400.jpeg 400w, https:\/\/www.thotenpac.com.br\/wp-content\/uploads\/2019\/08\/WhatsApp-Image-2019-08-09-at-08.28.29-9-230x230.jpeg 230w, https:\/\/www.thotenpac.com.br\/wp-content\/uploads\/2019\/08\/WhatsApp-Image-2019-08-09-at-08.28.29-9-365x365.jpeg 365w\" sizes=\"(max-width: 360px) 100vw, 360px\" \/><\/a><\/figure>\n\n\n\n<p><a href=\"https:\/\/www.instagram.com\/oasisdococo\/?hl=pt-br\">#O\u00e1sis do Coco<\/a><\/p>\n\n\n\n<ul class=\"wp-block-gallery columns-2 is-cropped wp-block-gallery-1 is-layout-flex wp-block-gallery-is-layout-flex\"><li class=\"blocks-gallery-item\"><figure><img decoding=\"async\" src=\"http:\/\/www.thotenpac.com.br\/novo\/wp-content\/uploads\/2019\/08\/oasis.jpg\" alt=\"\" data-id=\"381\" data-link=\"http:\/\/www.thotenpac.com.br\/novo\/clientes\/oasis\/\" class=\"wp-image-381\"\/><\/figure><\/li><li class=\"blocks-gallery-item\"><figure><img decoding=\"async\" loading=\"lazy\" width=\"720\" height=\"710\" src=\"http:\/\/www.thotenpac.com.br\/novo\/wp-content\/uploads\/2019\/08\/WhatsApp-Image-2019-08-09-at-08.28.30-6.jpeg\" alt=\"\" data-id=\"382\" data-link=\"http:\/\/www.thotenpac.com.br\/novo\/clientes\/whatsapp-image-2019-08-09-at-08-28-30-7\/\" class=\"wp-image-382\" srcset=\"https:\/\/www.thotenpac.com.br\/wp-content\/uploads\/2019\/08\/WhatsApp-Image-2019-08-09-at-08.28.30-6.jpeg 720w, https:\/\/www.thotenpac.com.br\/wp-content\/uploads\/2019\/08\/WhatsApp-Image-2019-08-09-at-08.28.30-6-300x296.jpeg 300w\" sizes=\"(max-width: 720px) 100vw, 720px\" \/><\/figure><\/li><\/ul>\n\n\n\n<p><a href=\"#\">#Fazendinha<\/a><\/p>\n\n\n\n<ul class=\"wp-block-gallery columns-2 is-cropped wp-block-gallery-3 is-layout-flex wp-block-gallery-is-layout-flex\"><li class=\"blocks-gallery-item\"><figure><img decoding=\"async\" loading=\"lazy\" width=\"767\" height=\"760\" src=\"http:\/\/www.thotenpac.com.br\/novo\/wp-content\/uploads\/2019\/08\/WhatsApp-Image-2019-08-13-at-09.47.38-4.jpeg\" alt=\"\" data-id=\"399\" data-link=\"http:\/\/www.thotenpac.com.br\/novo\/clientes\/whatsapp-image-2019-08-13-at-09-47-38-5\/\" class=\"wp-image-399\" srcset=\"https:\/\/www.thotenpac.com.br\/wp-content\/uploads\/2019\/08\/WhatsApp-Image-2019-08-13-at-09.47.38-4.jpeg 767w, https:\/\/www.thotenpac.com.br\/wp-content\/uploads\/2019\/08\/WhatsApp-Image-2019-08-13-at-09.47.38-4-150x150.jpeg 150w, https:\/\/www.thotenpac.com.br\/wp-content\/uploads\/2019\/08\/WhatsApp-Image-2019-08-13-at-09.47.38-4-300x297.jpeg 300w\" sizes=\"(max-width: 767px) 100vw, 767px\" \/><\/figure><\/li><li class=\"blocks-gallery-item\"><figure><img decoding=\"async\" loading=\"lazy\" width=\"653\" height=\"758\" src=\"http:\/\/www.thotenpac.com.br\/novo\/wp-content\/uploads\/2019\/08\/WhatsApp-Image-2019-08-13-at-09.47.39-2.jpeg\" alt=\"\" data-id=\"400\" data-link=\"http:\/\/www.thotenpac.com.br\/novo\/clientes\/whatsapp-image-2019-08-13-at-09-47-39-3\/\" class=\"wp-image-400\" srcset=\"https:\/\/www.thotenpac.com.br\/wp-content\/uploads\/2019\/08\/WhatsApp-Image-2019-08-13-at-09.47.39-2.jpeg 653w, https:\/\/www.thotenpac.com.br\/wp-content\/uploads\/2019\/08\/WhatsApp-Image-2019-08-13-at-09.47.39-2-258x300.jpeg 258w\" sizes=\"(max-width: 653px) 100vw, 653px\" \/><\/figure><\/li><\/ul>\n\n\n\n\n\n<p><a href=\"#\">#Global Max<\/a><\/p>\n\n\n\n<ul class=\"wp-block-gallery columns-2 is-cropped wp-block-gallery-5 is-layout-flex wp-block-gallery-is-layout-flex\"><li class=\"blocks-gallery-item\"><figure><img decoding=\"async\" loading=\"lazy\" width=\"768\" height=\"1024\" src=\"http:\/\/www.thotenpac.com.br\/novo\/wp-content\/uploads\/2019\/08\/WhatsApp-Image-2019-08-13-at-09.47.37-1-768x1024.jpeg\" alt=\"\" data-id=\"419\" data-link=\"http:\/\/www.thotenpac.com.br\/novo\/clientes\/whatsapp-image-2019-08-13-at-09-47-37-2\/\" class=\"wp-image-419\" srcset=\"https:\/\/www.thotenpac.com.br\/wp-content\/uploads\/2019\/08\/WhatsApp-Image-2019-08-13-at-09.47.37-1-768x1024.jpeg 768w, https:\/\/www.thotenpac.com.br\/wp-content\/uploads\/2019\/08\/WhatsApp-Image-2019-08-13-at-09.47.37-1-225x300.jpeg 225w, https:\/\/www.thotenpac.com.br\/wp-content\/uploads\/2019\/08\/WhatsApp-Image-2019-08-13-at-09.47.37-1.jpeg 774w\" sizes=\"(max-width: 768px) 100vw, 768px\" \/><\/figure><\/li><li class=\"blocks-gallery-item\"><figure><img decoding=\"async\" loading=\"lazy\" width=\"768\" height=\"1024\" src=\"http:\/\/www.thotenpac.com.br\/novo\/wp-content\/uploads\/2019\/08\/WhatsApp-Image-2019-08-13-at-11.33.19-1-768x1024.jpeg\" alt=\"\" data-id=\"424\" data-link=\"http:\/\/www.thotenpac.com.br\/novo\/clientes\/whatsapp-image-2019-08-13-at-11-33-19-2\/\" class=\"wp-image-424\" srcset=\"https:\/\/www.thotenpac.com.br\/wp-content\/uploads\/2019\/08\/WhatsApp-Image-2019-08-13-at-11.33.19-1-768x1024.jpeg 768w, https:\/\/www.thotenpac.com.br\/wp-content\/uploads\/2019\/08\/WhatsApp-Image-2019-08-13-at-11.33.19-1-225x300.jpeg 225w, https:\/\/www.thotenpac.com.br\/wp-content\/uploads\/2019\/08\/WhatsApp-Image-2019-08-13-at-11.33.19-1.jpeg 774w\" sizes=\"(max-width: 768px) 100vw, 768px\" \/><\/figure><\/li><\/ul>\n\n\n\n<p><br><\/p>\n","protected":false},"excerpt":{"rendered":"<p>Com dedica\u00e7\u00e3o ordenada e parceria constante, estamos ampliando cada vez mais nossa participa\u00e7\u00e3o no mercado, que vai al\u00e9m do simples fato de \u201cproduzir frascos\u201d. Conhe\u00e7a nossos clientes: #Yara #Real Bebidas (SANTA CL\u00c1UDIA) #Minalar #Fish Maria #O\u00e1sis do Coco #Fazendinha #Global<\/p>\n","protected":false},"author":1,"featured_media":441,"parent":0,"menu_order":0,"comment_status":"closed","ping_status":"closed","template":"","meta":{"footnotes":"","_joinchat":[]},"_links":{"self":[{"href":"https:\/\/www.thotenpac.com.br\/index.php?rest_route=\/wp\/v2\/pages\/24"}],"collection":[{"href":"https:\/\/www.thotenpac.com.br\/index.php?rest_route=\/wp\/v2\/pages"}],"about":[{"href":"https:\/\/www.thotenpac.com.br\/index.php?rest_route=\/wp\/v2\/types\/page"}],"author":[{"embeddable":true,"href":"https:\/\/www.thotenpac.com.br\/index.php?rest_route=\/wp\/v2\/users\/1"}],"replies":[{"embeddable":true,"href":"https:\/\/www.thotenpac.com.br\/index.php?rest_route=%2Fwp%2Fv2%2Fcomments&post=24"}],"version-history":[{"count":54,"href":"https:\/\/www.thotenpac.com.br\/index.php?rest_route=\/wp\/v2\/pages\/24\/revisions"}],"predecessor-version":[{"id":440,"href":"https:\/\/www.thotenpac.com.br\/index.php?rest_route=\/wp\/v2\/pages\/24\/revisions\/440"}],"wp:featuredmedia":[{"embeddable":true,"href":"https:\/\/www.thotenpac.com.br\/index.php?rest_route=\/wp\/v2\/media\/441"}],"wp:attachment":[{"href":"https:\/\/www.thotenpac.com.br\/index.php?rest_route=%2Fwp%2Fv2%2Fmedia&parent=24"}],"curies":[{"name":"wp","href":"https:\/\/api.w.org\/{rel}","templated":true}]}}