{"id":90,"date":"2019-01-14T23:42:29","date_gmt":"2019-01-14T23:42:29","guid":{"rendered":"http:\/\/www.thotenpac.com.br\/novo\/?page_id=90"},"modified":"2019-01-17T14:05:16","modified_gmt":"2019-01-17T14:05:16","slug":"certificado-de-qualidade","status":"publish","type":"page","link":"https:\/\/www.thotenpac.com.br\/?page_id=90","title":{"rendered":"Certificado de Qualidade"},"content":{"rendered":"\n<p>A Thoten Pac disp\u00f5e de um sistema de gest\u00e3o da qualidade certificado de acordo com a norma pela APCER.<\/p>\n\n\n\n<p><font style=\"vertical-align: inherit;\"><font style=\"vertical-align: inherit;\">Consideramos que n\u00e3o h\u00e1 limites para alcan\u00e7ar a excel\u00eancia nas nossas atividades. <\/font><\/font><br><strong> Pol\u00edtica de Qualidade<\/strong>  &#8211; Produzir embalagens pl\u00e1sticas sempre em busca de inova\u00e7\u00f5es tecnol\u00f3gicas, melhoria cont\u00ednua e assumindo o compromisso com seus objetivos. Fornecer solu\u00e7\u00f5es de alta qualidade para a satisfa\u00e7\u00e3o dos seus clientes e valoriza\u00e7\u00e3o dos seus colaboradores a fim de consolidar-se como referencial de qualidade em embalagens pl\u00e1sticas.<\/p>\n\n\n\n<div class=\"wp-block-image\"><figure class=\"alignleft is-resized\"><img decoding=\"async\" loading=\"lazy\" src=\"http:\/\/www.thotenpac.com.br\/novo\/wp-content\/uploads\/2019\/01\/ISO9001.jpg\" alt=\"\" class=\"wp-image-91\" width=\"225\" height=\"230\" srcset=\"https:\/\/www.thotenpac.com.br\/wp-content\/uploads\/2019\/01\/ISO9001.jpg 900w, https:\/\/www.thotenpac.com.br\/wp-content\/uploads\/2019\/01\/ISO9001-294x300.jpg 294w, https:\/\/www.thotenpac.com.br\/wp-content\/uploads\/2019\/01\/ISO9001-768x783.jpg 768w\" sizes=\"(max-width: 225px) 100vw, 225px\" \/><\/figure><\/div>\n","protected":false},"excerpt":{"rendered":"<p>A Thoten Pac disp\u00f5e de um sistema de gest\u00e3o da qualidade certificado de acordo com a norma pela APCER. Consideramos que n\u00e3o h\u00e1 limites para alcan\u00e7ar a excel\u00eancia nas nossas atividades. Pol\u00edtica de Qualidade &#8211; Produzir embalagens pl\u00e1sticas sempre em<\/p>\n","protected":false},"author":1,"featured_media":127,"parent":0,"menu_order":0,"comment_status":"closed","ping_status":"closed","template":"","meta":{"footnotes":"","_joinchat":[]},"_links":{"self":[{"href":"https:\/\/www.thotenpac.com.br\/index.php?rest_route=\/wp\/v2\/pages\/90"}],"collection":[{"href":"https:\/\/www.thotenpac.com.br\/index.php?rest_route=\/wp\/v2\/pages"}],"about":[{"href":"https:\/\/www.thotenpac.com.br\/index.php?rest_route=\/wp\/v2\/types\/page"}],"author":[{"embeddable":true,"href":"https:\/\/www.thotenpac.com.br\/index.php?rest_route=\/wp\/v2\/users\/1"}],"replies":[{"embeddable":true,"href":"https:\/\/www.thotenpac.com.br\/index.php?rest_route=%2Fwp%2Fv2%2Fcomments&post=90"}],"version-history":[{"count":9,"href":"https:\/\/www.thotenpac.com.br\/index.php?rest_route=\/wp\/v2\/pages\/90\/revisions"}],"predecessor-version":[{"id":248,"href":"https:\/\/www.thotenpac.com.br\/index.php?rest_route=\/wp\/v2\/pages\/90\/revisions\/248"}],"wp:featuredmedia":[{"embeddable":true,"href":"https:\/\/www.thotenpac.com.br\/index.php?rest_route=\/wp\/v2\/media\/127"}],"wp:attachment":[{"href":"https:\/\/www.thotenpac.com.br\/index.php?rest_route=%2Fwp%2Fv2%2Fmedia&parent=90"}],"curies":[{"name":"wp","href":"https:\/\/api.w.org\/{rel}","templated":true}]}}